{"id":998,"date":"2023-12-24T14:11:17","date_gmt":"2023-12-24T14:11:17","guid":{"rendered":"https:\/\/examenesceneval.online\/?post_type=product&#038;p=998"},"modified":"2025-04-07T16:39:50","modified_gmt":"2025-04-07T16:39:50","slug":"examen-simulador-de-quimico-farmacobiologo-207-preguntas","status":"publish","type":"product","link":"https:\/\/examenesceneval.online\/?product=examen-simulador-de-quimico-farmacobiologo-207-preguntas","title":{"rendered":"EXAMEN SIMULADOR EGEL CENEVAL DE QUIMICO FARMACOBI\u00d3LOGO EN L\u00cdNEA (207 PREGUNTAS)"},"content":{"rendered":"<p><strong>\u00a1Hola, futuros Qu\u00edmicos Farmacobi\u00f3logos!<\/strong><\/p>\n<p>Est\u00e1s a punto de dar un gran salto en tu carrera, y queremos acompa\u00f1arte en este tramo final. Sabemos lo importante que es esta meta para ti, y por eso hemos creado un Simulador de Examen EGEL en Qu\u00edmica Farmacobiol\u00f3gica actualizado y listo para ayudarte a alcanzar el \u00e9xito.<\/p>\n<p><strong>\u00bfQu\u00e9 encontrar\u00e1s en nuestro simulador?<\/strong><\/p>\n<ul>\n<li><strong>M\u00e1s de 200 preguntas pr\u00e1cticas,<\/strong> cuidadosamente seleccionadas para abarcar todas las \u00e1reas clave del examen.<\/li>\n<li><strong>Retroalimentaci\u00f3n inmediata y respuestas explicadas,<\/strong> para que puedas identificar tanto tus puntos fuertes como las \u00e1reas donde puedes mejorar.<\/li>\n<li><strong>Simulaciones en l\u00ednea al estilo del examen oficial,<\/strong> que te dar\u00e1n la experiencia y confianza que necesitas.<\/li>\n<li><strong>Acceso r\u00e1pido y sencillo,<\/strong> disponible 100% en l\u00ednea tras tu pago, y nuestro equipo de soporte siempre a la mano para resolver cualquier duda.<\/li>\n<\/ul>\n<p>Recuerda: este es el \u00faltimo paso antes de lograr tu objetivo, y estamos seguros de que con la preparaci\u00f3n adecuada, lo alcanzar\u00e1s. &#8220;Muchos de los fracasos de la vida son de quienes no se dieron cuenta de cu\u00e1n cerca estaban del \u00e9xito cuando se dieron por vencidos.&#8221;<\/p>\n<p><strong>\u00a1\u00c9xito en este \u00faltimo trayecto hacia tu carrera como Qu\u00edmico Farmacobi\u00f3logo!<\/strong><\/p>\n","protected":false},"excerpt":{"rendered":"<p>\u00a1Hola, futuros Qu\u00edmicos Farmacobi\u00f3logos! Est\u00e1s a punto de dar un gran salto en tu carrera, y queremos acompa\u00f1arte en este tramo final. Sabemos lo importante que es esta meta para ti, y por eso hemos creado un Simulador de Examen EGEL en Qu\u00edmica Farmacobiol\u00f3gica actualizado y listo para ayudarte a alcanzar el \u00e9xito. \u00bfQu\u00e9 encontrar\u00e1s [&hellip;]<\/p>\n","protected":false},"featured_media":993,"template":"","meta":{"om_disable_all_campaigns":false,"_monsterinsights_skip_tracking":false,"_monsterinsights_sitenote_active":false,"_monsterinsights_sitenote_note":"","_monsterinsights_sitenote_category":0},"product_cat":[17],"product_tag":[29,22,31,45,32],"aioseo_notices":[],"_links":{"self":[{"href":"https:\/\/examenesceneval.online\/index.php?rest_route=\/wp\/v2\/product\/998"}],"collection":[{"href":"https:\/\/examenesceneval.online\/index.php?rest_route=\/wp\/v2\/product"}],"about":[{"href":"https:\/\/examenesceneval.online\/index.php?rest_route=\/wp\/v2\/types\/product"}],"version-history":[{"count":4,"href":"https:\/\/examenesceneval.online\/index.php?rest_route=\/wp\/v2\/product\/998\/revisions"}],"predecessor-version":[{"id":1186,"href":"https:\/\/examenesceneval.online\/index.php?rest_route=\/wp\/v2\/product\/998\/revisions\/1186"}],"wp:featuredmedia":[{"embeddable":true,"href":"https:\/\/examenesceneval.online\/index.php?rest_route=\/wp\/v2\/media\/993"}],"wp:attachment":[{"href":"https:\/\/examenesceneval.online\/index.php?rest_route=%2Fwp%2Fv2%2Fmedia&parent=998"}],"wp:term":[{"taxonomy":"product_cat","embeddable":true,"href":"https:\/\/examenesceneval.online\/index.php?rest_route=%2Fwp%2Fv2%2Fproduct_cat&post=998"},{"taxonomy":"product_tag","embeddable":true,"href":"https:\/\/examenesceneval.online\/index.php?rest_route=%2Fwp%2Fv2%2Fproduct_tag&post=998"}],"curies":[{"name":"wp","href":"https:\/\/api.w.org\/{rel}","templated":true}]}}