{"id":870,"date":"2023-06-13T21:04:19","date_gmt":"2023-06-13T21:04:19","guid":{"rendered":"https:\/\/examenesceneval.online\/?post_type=product&#038;p=870"},"modified":"2024-11-01T15:57:04","modified_gmt":"2024-11-01T15:57:04","slug":"examen-simulador-de-economia-206-preguntas","status":"publish","type":"product","link":"https:\/\/examenesceneval.online\/?product=examen-simulador-de-economia-206-preguntas","title":{"rendered":"EXAMEN SIMULADOR EGEL CENEVAL DE ECONOM\u00cdA EN L\u00cdNEA (206 PREGUNTAS)"},"content":{"rendered":"<p><strong>\u00a1Futuros economistas, est\u00e1n a punto de alcanzar su meta!<\/strong><\/p>\n<p>Sabemos que este examen es un paso importante en tu carrera, y estamos aqu\u00ed para acompa\u00f1arte en esta \u00faltima etapa. Nuestro Simulador de Examen EGEL de Econom\u00eda ha sido dise\u00f1ado para ofrecerte una preparaci\u00f3n completa y brindarte la confianza que necesitas para enfrentar el examen.<\/p>\n<p><strong>\u00bfQu\u00e9 te ofrece nuestro simulador?<\/strong><\/p>\n<ul>\n<li><strong>M\u00e1s de 200 preguntas pr\u00e1cticas<\/strong> que cubren las \u00e1reas clave del examen, permiti\u00e9ndote repasar de manera profunda y enfocada.<\/li>\n<li><strong>Retroalimentaci\u00f3n inmediata y explicaciones detalladas,<\/strong> para que puedas identificar tus fortalezas y concentrarte en mejorar tus \u00e1reas de oportunidad.<\/li>\n<li><strong>Simulaci\u00f3n en l\u00ednea en condiciones similares al examen real,<\/strong> brind\u00e1ndote una experiencia pr\u00e1ctica que te ayudar\u00e1 a familiarizarte con el formato y el ritmo del examen.<\/li>\n<li><strong>Acceso instant\u00e1neo y soporte continuo,<\/strong> para que puedas empezar a estudiar en cuanto realices tu compra y cuentes con ayuda en todo momento.<\/li>\n<\/ul>\n<p><strong>Est\u00e1s a un paso de convertirte en un profesional en econom\u00eda, y estamos seguros de que, con la preparaci\u00f3n adecuada, el \u00e9xito est\u00e1 a tu alcance.<\/strong> \u00a1Conf\u00eda en tu esfuerzo y da lo mejor de ti!<\/p>\n<p><a href=\"http:\/\/www.examenesceneval.com\" target=\"_new\" rel=\"noopener\">www.examenesceneval.com<\/a><\/p>\n","protected":false},"excerpt":{"rendered":"<p>\u00a1Futuros economistas, est\u00e1n a punto de alcanzar su meta! Sabemos que este examen es un paso importante en tu carrera, y estamos aqu\u00ed para acompa\u00f1arte en esta \u00faltima etapa. Nuestro Simulador de Examen EGEL de Econom\u00eda ha sido dise\u00f1ado para ofrecerte una preparaci\u00f3n completa y brindarte la confianza que necesitas para enfrentar el examen. \u00bfQu\u00e9 [&hellip;]<\/p>\n","protected":false},"featured_media":867,"template":"","meta":{"om_disable_all_campaigns":false,"_monsterinsights_skip_tracking":false,"_monsterinsights_sitenote_active":false,"_monsterinsights_sitenote_note":"","_monsterinsights_sitenote_category":0},"product_cat":[15],"product_tag":[38,29,22,31],"aioseo_notices":[],"_links":{"self":[{"href":"https:\/\/examenesceneval.online\/index.php?rest_route=\/wp\/v2\/product\/870"}],"collection":[{"href":"https:\/\/examenesceneval.online\/index.php?rest_route=\/wp\/v2\/product"}],"about":[{"href":"https:\/\/examenesceneval.online\/index.php?rest_route=\/wp\/v2\/types\/product"}],"version-history":[{"count":4,"href":"https:\/\/examenesceneval.online\/index.php?rest_route=\/wp\/v2\/product\/870\/revisions"}],"predecessor-version":[{"id":1197,"href":"https:\/\/examenesceneval.online\/index.php?rest_route=\/wp\/v2\/product\/870\/revisions\/1197"}],"wp:featuredmedia":[{"embeddable":true,"href":"https:\/\/examenesceneval.online\/index.php?rest_route=\/wp\/v2\/media\/867"}],"wp:attachment":[{"href":"https:\/\/examenesceneval.online\/index.php?rest_route=%2Fwp%2Fv2%2Fmedia&parent=870"}],"wp:term":[{"taxonomy":"product_cat","embeddable":true,"href":"https:\/\/examenesceneval.online\/index.php?rest_route=%2Fwp%2Fv2%2Fproduct_cat&post=870"},{"taxonomy":"product_tag","embeddable":true,"href":"https:\/\/examenesceneval.online\/index.php?rest_route=%2Fwp%2Fv2%2Fproduct_tag&post=870"}],"curies":[{"name":"wp","href":"https:\/\/api.w.org\/{rel}","templated":true}]}}