{"id":844,"date":"2023-05-20T00:52:05","date_gmt":"2023-05-20T00:52:05","guid":{"rendered":"https:\/\/examenesceneval.online\/?post_type=product&#038;p=844"},"modified":"2024-11-01T15:58:02","modified_gmt":"2024-11-01T15:58:02","slug":"examen-simulador-de-administracion-217-preguntas","status":"publish","type":"product","link":"https:\/\/examenesceneval.online\/?product=examen-simulador-de-administracion-217-preguntas","title":{"rendered":"EXAMEN SIMULADOR EGEL CENEVAL DE ADMINISTRACI\u00d3N EN L\u00cdNEA (217 PREGUNTAS)"},"content":{"rendered":"<p><strong>\u00a1Futuros l\u00edderes en Administraci\u00f3n, est\u00e1n a un paso de alcanzar su meta!<\/strong><\/p>\n<p>Est\u00e1s en la recta final hacia un logro importante en tu carrera, y queremos ser parte de tu preparaci\u00f3n. Nuestro Simulador de Examen EGEL de Administraci\u00f3n ha sido dise\u00f1ado para ofrecerte las herramientas y la confianza necesarias para enfrentar el examen con \u00e9xito.<\/p>\n<p><strong>\u00bfQu\u00e9 te ofrece nuestro simulador?<\/strong><\/p>\n<ul>\n<li><strong>M\u00e1s de 200 preguntas clave<\/strong> que cubren las \u00e1reas esenciales del examen, ayud\u00e1ndote a repasar de forma profunda y pr\u00e1ctica.<\/li>\n<li><strong>Retroalimentaci\u00f3n detallada y explicaciones claras,<\/strong> para que puedas reconocer tus fortalezas y concentrarte en mejorar tus \u00e1reas de oportunidad.<\/li>\n<li><strong>Simulaci\u00f3n en l\u00ednea que replica la experiencia del examen real,<\/strong> permiti\u00e9ndote familiarizarte con el formato y el ritmo de la prueba.<\/li>\n<li><strong>Acceso inmediato y soporte continuo,<\/strong> para que puedas comenzar a estudiar en cuanto completes tu compra y cuentes con ayuda siempre que lo necesites.<\/li>\n<\/ul>\n<p><strong>Est\u00e1s a punto de alcanzar un objetivo importante en el mundo de la administraci\u00f3n, y con la preparaci\u00f3n adecuada, el \u00e9xito est\u00e1 a tu alcance.<\/strong> \u00a1Conf\u00eda en tu esfuerzo y en lo que has aprendido hasta ahora!<\/p>\n<p><a href=\"http:\/\/www.examenesceneval.com\" target=\"_new\" rel=\"noopener\">www.examenesceneval.com<\/a><\/p>\n","protected":false},"excerpt":{"rendered":"<p>\u00a1Futuros l\u00edderes en Administraci\u00f3n, est\u00e1n a un paso de alcanzar su meta! Est\u00e1s en la recta final hacia un logro importante en tu carrera, y queremos ser parte de tu preparaci\u00f3n. Nuestro Simulador de Examen EGEL de Administraci\u00f3n ha sido dise\u00f1ado para ofrecerte las herramientas y la confianza necesarias para enfrentar el examen con \u00e9xito. [&hellip;]<\/p>\n","protected":false},"featured_media":845,"template":"","meta":{"om_disable_all_campaigns":false,"_monsterinsights_skip_tracking":false,"_monsterinsights_sitenote_active":false,"_monsterinsights_sitenote_note":"","_monsterinsights_sitenote_category":0},"product_cat":[15],"product_tag":[38,29,22,31],"aioseo_notices":[],"_links":{"self":[{"href":"https:\/\/examenesceneval.online\/index.php?rest_route=\/wp\/v2\/product\/844"}],"collection":[{"href":"https:\/\/examenesceneval.online\/index.php?rest_route=\/wp\/v2\/product"}],"about":[{"href":"https:\/\/examenesceneval.online\/index.php?rest_route=\/wp\/v2\/types\/product"}],"version-history":[{"count":3,"href":"https:\/\/examenesceneval.online\/index.php?rest_route=\/wp\/v2\/product\/844\/revisions"}],"predecessor-version":[{"id":1198,"href":"https:\/\/examenesceneval.online\/index.php?rest_route=\/wp\/v2\/product\/844\/revisions\/1198"}],"wp:featuredmedia":[{"embeddable":true,"href":"https:\/\/examenesceneval.online\/index.php?rest_route=\/wp\/v2\/media\/845"}],"wp:attachment":[{"href":"https:\/\/examenesceneval.online\/index.php?rest_route=%2Fwp%2Fv2%2Fmedia&parent=844"}],"wp:term":[{"taxonomy":"product_cat","embeddable":true,"href":"https:\/\/examenesceneval.online\/index.php?rest_route=%2Fwp%2Fv2%2Fproduct_cat&post=844"},{"taxonomy":"product_tag","embeddable":true,"href":"https:\/\/examenesceneval.online\/index.php?rest_route=%2Fwp%2Fv2%2Fproduct_tag&post=844"}],"curies":[{"name":"wp","href":"https:\/\/api.w.org\/{rel}","templated":true}]}}