{"id":824,"date":"2023-04-18T18:32:39","date_gmt":"2023-04-18T18:32:39","guid":{"rendered":"https:\/\/examenesceneval.online\/?post_type=product&#038;p=824"},"modified":"2025-04-07T16:56:38","modified_gmt":"2025-04-07T16:56:38","slug":"824","status":"publish","type":"product","link":"https:\/\/examenesceneval.online\/?product=824","title":{"rendered":"EXAMEN SIMULADOR EGEL CENEVAL DE CONTADUR\u00cdA EN L\u00cdNEA (190 PREGUNTAS)"},"content":{"rendered":"<p><strong>\u00a1Futuros expertos en Contadur\u00eda, est\u00e1n muy cerca de alcanzar su meta!<\/strong><\/p>\n<p>Est\u00e1s en la recta final hacia un logro importante en tu carrera, y queremos acompa\u00f1arte en este \u00faltimo tramo. Nuestro Simulador de Examen EGEL de Contadur\u00eda ha sido dise\u00f1ado para darte una preparaci\u00f3n completa y ayudarte a enfrentar el examen con la confianza que necesitas.<\/p>\n<p><strong>\u00bfQu\u00e9 incluye nuestro simulador?<\/strong><\/p>\n<ul>\n<li><strong>M\u00e1s de 150 preguntas pr\u00e1cticas,<\/strong> cubriendo todas las \u00e1reas clave del examen para que puedas repasar de forma integral y precisa.<\/li>\n<li><strong>Retroalimentaci\u00f3n detallada y explicaciones claras,<\/strong> que te permiten identificar tus fortalezas y enfocarte en mejorar tus \u00e1reas de oportunidad.<\/li>\n<li><strong>Simulaci\u00f3n en l\u00ednea que replica el formato del examen oficial,<\/strong> d\u00e1ndote una experiencia realista para estar preparado en el d\u00eda de la prueba.<\/li>\n<li><strong>Acceso inmediato y soporte constante,<\/strong> para que puedas comenzar a estudiar tan pronto completes tu compra y cuentes con ayuda en cualquier momento.<\/li>\n<\/ul>\n<p><strong>Est\u00e1s a solo un paso de tu objetivo en contadur\u00eda, y con la preparaci\u00f3n adecuada, el \u00e9xito est\u00e1 a tu alcance.<\/strong> \u00a1Conf\u00eda en tu esfuerzo y prep\u00e1rate para un futuro exitoso en el mundo contable!<\/p>\n<p><a href=\"http:\/\/www.examenesceneval.com\" target=\"_new\" rel=\"noopener\">www.examenesceneval.com<\/a><\/p>\n","protected":false},"excerpt":{"rendered":"<p>\u00a1Futuros expertos en Contadur\u00eda, est\u00e1n muy cerca de alcanzar su meta! Est\u00e1s en la recta final hacia un logro importante en tu carrera, y queremos acompa\u00f1arte en este \u00faltimo tramo. Nuestro Simulador de Examen EGEL de Contadur\u00eda ha sido dise\u00f1ado para darte una preparaci\u00f3n completa y ayudarte a enfrentar el examen con la confianza que [&hellip;]<\/p>\n","protected":false},"featured_media":822,"template":"","meta":{"om_disable_all_campaigns":false,"_monsterinsights_skip_tracking":false,"_monsterinsights_sitenote_active":false,"_monsterinsights_sitenote_note":"","_monsterinsights_sitenote_category":0},"product_cat":[15],"product_tag":[29,37,36,22,31],"aioseo_notices":[],"_links":{"self":[{"href":"https:\/\/examenesceneval.online\/index.php?rest_route=\/wp\/v2\/product\/824"}],"collection":[{"href":"https:\/\/examenesceneval.online\/index.php?rest_route=\/wp\/v2\/product"}],"about":[{"href":"https:\/\/examenesceneval.online\/index.php?rest_route=\/wp\/v2\/types\/product"}],"version-history":[{"count":5,"href":"https:\/\/examenesceneval.online\/index.php?rest_route=\/wp\/v2\/product\/824\/revisions"}],"predecessor-version":[{"id":891,"href":"https:\/\/examenesceneval.online\/index.php?rest_route=\/wp\/v2\/product\/824\/revisions\/891"}],"wp:featuredmedia":[{"embeddable":true,"href":"https:\/\/examenesceneval.online\/index.php?rest_route=\/wp\/v2\/media\/822"}],"wp:attachment":[{"href":"https:\/\/examenesceneval.online\/index.php?rest_route=%2Fwp%2Fv2%2Fmedia&parent=824"}],"wp:term":[{"taxonomy":"product_cat","embeddable":true,"href":"https:\/\/examenesceneval.online\/index.php?rest_route=%2Fwp%2Fv2%2Fproduct_cat&post=824"},{"taxonomy":"product_tag","embeddable":true,"href":"https:\/\/examenesceneval.online\/index.php?rest_route=%2Fwp%2Fv2%2Fproduct_tag&post=824"}],"curies":[{"name":"wp","href":"https:\/\/api.w.org\/{rel}","templated":true}]}}