{"id":794,"date":"2023-04-15T23:27:52","date_gmt":"2023-04-15T23:27:52","guid":{"rendered":"https:\/\/examenesceneval.online\/?post_type=product&#038;p=794"},"modified":"2024-11-01T16:05:39","modified_gmt":"2024-11-01T16:05:39","slug":"examen-simulador-de-mercadotecnia-204-preguntas","status":"publish","type":"product","link":"https:\/\/examenesceneval.online\/?product=examen-simulador-de-mercadotecnia-204-preguntas","title":{"rendered":"EXAMEN SIMULADOR EGEL CENEVAL DE MERCADOTECNIA EN L\u00cdNEA (204 PREGUNTAS)"},"content":{"rendered":"<p><strong>\u00a1Futuros profesionales de la Mercadotecnia, el \u00e9xito est\u00e1 al alcance de su mano!<\/strong><\/p>\n<p>Est\u00e1s en la \u00faltima fase de preparaci\u00f3n para alcanzar un objetivo clave en tu carrera, y queremos acompa\u00f1arte en este trayecto. Nuestro Simulador de Examen EGEL de Mercadotecnia ha sido dise\u00f1ado para darte una preparaci\u00f3n integral y ayudarte a enfrentar el examen con confianza.<\/p>\n<p><strong>\u00bfQu\u00e9 te ofrece nuestro simulador?<\/strong><\/p>\n<ul>\n<li><strong>M\u00e1s de 200 preguntas pr\u00e1cticas<\/strong> que abarcan todos los temas esenciales del examen, para que puedas repasar de manera completa y estrat\u00e9gica.<\/li>\n<li><strong>Retroalimentaci\u00f3n inmediata y explicaciones detalladas,<\/strong> para que puedas identificar tus fortalezas y concentrarte en mejorar tus \u00e1reas de oportunidad.<\/li>\n<li><strong>Simulaci\u00f3n en l\u00ednea que replica el examen oficial,<\/strong> brind\u00e1ndote una experiencia realista para que te familiarices con las condiciones de la prueba.<\/li>\n<li><strong>Acceso inmediato y soporte constante,<\/strong> para que puedas comenzar a estudiar en cuanto completes tu compra y contar con ayuda en todo momento.<\/li>\n<\/ul>\n<p><strong>Este simulador cuenta con derechos de autor, N\u00famero de Registro: 03-2024-102114095300-01,<\/strong> asegurando contenido \u00fanico y de alta calidad para tu preparaci\u00f3n.<\/p>\n<p><strong>Este es el \u00faltimo paso hacia tu meta en mercadotecnia, y con una buena preparaci\u00f3n, el \u00e9xito est\u00e1 a tu alcance.<\/strong> \u00a1Conf\u00eda en tu esfuerzo y prep\u00e1rate para una carrera llena de creatividad y estrategia en el mundo del marketing!<\/p>\n<p><a href=\"http:\/\/www.examenesceneval.com\" target=\"_new\" rel=\"noopener\">www.examenesceneval.com<\/a><\/p>\n","protected":false},"excerpt":{"rendered":"<p>\u00a1Bienvenidos!<\/p>\n<p>Somos conscientes que si estas aqu\u00ed, es porque estas a punto de dar un paso importante en tu vida y esperamos nos permitas acompa\u00f1arte en la recta final de tu traves\u00eda acad\u00e9mica, pues &#8220;Tienes que aprender las reglas del juego y despu\u00e9s jugar mejor que nadie.&#8221; (Albert Einstein), es por ello que ponemos a tu disposici\u00f3n nuestro simulador de examen EGEL de Enfermer\u00eda actualizado para este a\u00f1o.<\/p>\n<p>Nuestro simulador se integra con m\u00e1s de 200 preguntas pr\u00e1cticas, que te dar\u00e1 las herramientas necesarias para conocer tus \u00e1reas de oportunidad pero sobre todo tus fortalezas, pues no olvides que muchos de los fracasos de la vida son de personas que no se dieron cuenta de cu\u00e1n cerca estaban del \u00e9xito cuando se dieron por vencidos.<\/p>\n<p>El examen simulador se encuentra actualizado y es totalmente en l\u00ednea, es decir, lo realizas en tu computadora y te va retroalimentando en cada pregunta pues si, \u00a1Incluye respuestas!<\/p>\n<p>Todas nuestras compras son seguras y en caso de presentar alg\u00fan problema, estamos aqu\u00ed para apoyarte.<\/p>\n<p>\u00a1Te deseamos el mejor de los \u00e9xitos!<\/p>\n","protected":false},"featured_media":789,"template":"","meta":{"om_disable_all_campaigns":false,"_monsterinsights_skip_tracking":false,"_monsterinsights_sitenote_active":false,"_monsterinsights_sitenote_note":"","_monsterinsights_sitenote_category":0},"product_cat":[16,17],"product_tag":[29,22,24,28,25],"aioseo_notices":[],"_links":{"self":[{"href":"https:\/\/examenesceneval.online\/index.php?rest_route=\/wp\/v2\/product\/794"}],"collection":[{"href":"https:\/\/examenesceneval.online\/index.php?rest_route=\/wp\/v2\/product"}],"about":[{"href":"https:\/\/examenesceneval.online\/index.php?rest_route=\/wp\/v2\/types\/product"}],"version-history":[{"count":5,"href":"https:\/\/examenesceneval.online\/index.php?rest_route=\/wp\/v2\/product\/794\/revisions"}],"predecessor-version":[{"id":1208,"href":"https:\/\/examenesceneval.online\/index.php?rest_route=\/wp\/v2\/product\/794\/revisions\/1208"}],"wp:featuredmedia":[{"embeddable":true,"href":"https:\/\/examenesceneval.online\/index.php?rest_route=\/wp\/v2\/media\/789"}],"wp:attachment":[{"href":"https:\/\/examenesceneval.online\/index.php?rest_route=%2Fwp%2Fv2%2Fmedia&parent=794"}],"wp:term":[{"taxonomy":"product_cat","embeddable":true,"href":"https:\/\/examenesceneval.online\/index.php?rest_route=%2Fwp%2Fv2%2Fproduct_cat&post=794"},{"taxonomy":"product_tag","embeddable":true,"href":"https:\/\/examenesceneval.online\/index.php?rest_route=%2Fwp%2Fv2%2Fproduct_tag&post=794"}],"curies":[{"name":"wp","href":"https:\/\/api.w.org\/{rel}","templated":true}]}}