{"id":701,"date":"2022-11-20T16:53:07","date_gmt":"2022-11-20T16:53:07","guid":{"rendered":"https:\/\/examenesceneval.online\/?post_type=product&#038;p=701"},"modified":"2025-04-07T16:59:06","modified_gmt":"2025-04-07T16:59:06","slug":"examen-simulador-de-derecho-200-preguntas","status":"publish","type":"product","link":"https:\/\/examenesceneval.online\/?product=examen-simulador-de-derecho-200-preguntas","title":{"rendered":"EXAMEN SIMULADOR EGEL CENEVAL DE DERECHO EN L\u00cdNEA (200 PREGUNTAS)"},"content":{"rendered":"<p><strong>\u00a1Futuros abogados, est\u00e1n a un paso de alcanzar su meta!<\/strong><\/p>\n<p>Est\u00e1s en la \u00faltima etapa hacia un logro crucial en tu carrera, y queremos acompa\u00f1arte en esta recta final. Nuestro Simulador de Examen EGEL de Derecho ha sido dise\u00f1ado para brindarte una preparaci\u00f3n completa y la confianza necesaria para enfrentar el examen con seguridad.<\/p>\n<p><strong>\u00bfQu\u00e9 encontrar\u00e1s en nuestro simulador?<\/strong><\/p>\n<ul>\n<li><strong>Con 200 preguntas clave,<\/strong> cuidadosamente seleccionadas para abarcar todos los temas esenciales del examen y ayudarte a estudiar de manera integral.<\/li>\n<li><strong>Retroalimentaci\u00f3n inmediata y explicaciones detalladas,<\/strong> que te permitir\u00e1n identificar tus fortalezas y concentrarte en las \u00e1reas que necesitas reforzar.<\/li>\n<li><strong>Simulaci\u00f3n en l\u00ednea que replica el examen oficial,<\/strong> ofreci\u00e9ndote una experiencia pr\u00e1ctica para que te familiarices con las condiciones del d\u00eda de la prueba.<\/li>\n<li><strong>Acceso inmediato y soporte continuo,<\/strong> para que puedas comenzar a estudiar desde el momento de tu compra y contar con ayuda en todo momento.<\/li>\n<\/ul>\n<p><strong>Este simulador cuenta con derechos de autor, N\u00famero de Registro: 03-2022-040623462800-01, asegurando contenido \u00fanico y de alta calidad para tu preparaci\u00f3n.<\/strong><\/p>\n<p><strong>Est\u00e1s muy cerca de tu objetivo en el mundo del derecho, y con una buena preparaci\u00f3n, el \u00e9xito est\u00e1 a tu alcance.<\/strong> \u00a1Conf\u00eda en tu esfuerzo y prep\u00e1rate para un futuro en defensa de la justicia!<\/p>\n<p><a href=\"http:\/\/www.examenesceneval.com\" target=\"_new\" rel=\"noopener\">www.examenesceneval.com<\/a><\/p>\n","protected":false},"excerpt":{"rendered":"<p><span style=\"vertical-align: inherit;\"><span style=\"vertical-align: inherit;\"><span style=\"vertical-align: inherit;\"><span style=\"vertical-align: inherit;\">N\u00famero de Registro: 03-2022-040623462800-01 (INDAUTOR)<\/span><\/span><\/span><\/span><\/p>\n<p><span style=\"vertical-align: inherit;\"><span style=\"vertical-align: inherit;\"><span style=\"vertical-align: inherit;\"><span style=\"vertical-align: inherit;\">\u00a1Bienvenidos futuros Abogados!<\/span><\/span><\/span><\/span><\/p>\n<p><span style=\"vertical-align: inherit;\"><span style=\"vertical-align: inherit;\">Somos conscientes que si estas aqu\u00ed, es porque estas a punto de dar un paso importante en tu vida y esperamos nos permitas acompa\u00f1arte en la recta final de tu traves\u00eda acad\u00e9mica, pues &#8220;Tienes que aprender las reglas del juego y despu\u00e9s jugar mejor que nadie. &#8221; <\/span><span style=\"vertical-align: inherit;\">(Albert Einstein), es por ello que ponemos a tu disposici\u00f3n nuestro simulador de examen EGEL de Derecho actualizado para este a\u00f1o.<\/span><\/span><\/p>\n<p><span style=\"vertical-align: inherit;\"><span style=\"vertical-align: inherit;\">Nuestro simulador se integra con m\u00e1s de 200 preguntas pr\u00e1cticas, que te dar\u00e1 las herramientas necesarias para conocer tus \u00e1reas de oportunidad pero sobre todo tus fortalezas, pues no olvides que muchos de los fracasos de la vida son de personas que no se dieron cuenta de cu\u00e1nto cerca estaban del \u00e9xito cuando se dieron por vencidos.<\/span><\/span><\/p>\n<p>El examen simulador se encuentra actualizado y es totalmente en l\u00ednea, es decir, lo realizas en tu computadora y te va retroalimentando en cada pregunta pues si, \u00a1Incluye respuestas!<\/p>\n<p>Todas nuestras compras son seguras y en caso de presentar alg\u00fan problema, estamos aqu\u00ed para apoyarte.<\/p>\n<p><span style=\"vertical-align: inherit;\"><span style=\"vertical-align: inherit;\"><span style=\"vertical-align: inherit;\"><span style=\"vertical-align: inherit;\">Por cierto <\/span><\/span><\/span><span style=\"vertical-align: inherit;\"><span style=\"vertical-align: inherit;\"><span style=\"vertical-align: inherit;\">esta obra est\u00e1 registrada ante el Instituto Nacional del Derecho de Autor con el N\u00famero de Registro: 03-2022-040623462800-01<\/span><\/span><\/span><\/span><\/p>\n<p><span style=\"vertical-align: inherit;\"><span style=\"vertical-align: inherit;\"><span style=\"vertical-align: inherit;\"><span style=\"vertical-align: inherit;\">\u00a1Te deseamos el mejor de los \u00e9xitos!<\/span><\/span><\/span><\/span><\/p>\n","protected":false},"featured_media":606,"template":"","meta":{"om_disable_all_campaigns":false,"_monsterinsights_skip_tracking":false,"_monsterinsights_sitenote_active":false,"_monsterinsights_sitenote_note":"","_monsterinsights_sitenote_category":0},"product_cat":[16,17],"product_tag":[29,30,22,31,32],"aioseo_notices":[],"_links":{"self":[{"href":"https:\/\/examenesceneval.online\/index.php?rest_route=\/wp\/v2\/product\/701"}],"collection":[{"href":"https:\/\/examenesceneval.online\/index.php?rest_route=\/wp\/v2\/product"}],"about":[{"href":"https:\/\/examenesceneval.online\/index.php?rest_route=\/wp\/v2\/types\/product"}],"version-history":[{"count":4,"href":"https:\/\/examenesceneval.online\/index.php?rest_route=\/wp\/v2\/product\/701\/revisions"}],"predecessor-version":[{"id":1207,"href":"https:\/\/examenesceneval.online\/index.php?rest_route=\/wp\/v2\/product\/701\/revisions\/1207"}],"wp:featuredmedia":[{"embeddable":true,"href":"https:\/\/examenesceneval.online\/index.php?rest_route=\/wp\/v2\/media\/606"}],"wp:attachment":[{"href":"https:\/\/examenesceneval.online\/index.php?rest_route=%2Fwp%2Fv2%2Fmedia&parent=701"}],"wp:term":[{"taxonomy":"product_cat","embeddable":true,"href":"https:\/\/examenesceneval.online\/index.php?rest_route=%2Fwp%2Fv2%2Fproduct_cat&post=701"},{"taxonomy":"product_tag","embeddable":true,"href":"https:\/\/examenesceneval.online\/index.php?rest_route=%2Fwp%2Fv2%2Fproduct_tag&post=701"}],"curies":[{"name":"wp","href":"https:\/\/api.w.org\/{rel}","templated":true}]}}