{"id":159,"date":"2017-12-20T12:54:27","date_gmt":"2017-12-20T12:54:27","guid":{"rendered":"http:\/\/examenesceneval.online\/?product=flower-bed"},"modified":"2025-04-07T16:59:22","modified_gmt":"2025-04-07T16:59:22","slug":"flower-bed","status":"publish","type":"product","link":"https:\/\/examenesceneval.online\/?product=flower-bed","title":{"rendered":"EXAMEN SIMULADOR EGEL CENEVAL DE DERECHO EN L\u00cdNEA (100 PREGUNTAS)"},"content":{"rendered":"<p><strong>\u00a1Futuros abogados, est\u00e1n a un paso de hacer realidad sus sue\u00f1os profesionales!<\/strong><\/p>\n<p>La \u00faltima etapa hacia una meta crucial en tu carrera est\u00e1 aqu\u00ed, y queremos ser parte de tu preparaci\u00f3n. Nuestro Simulador de Examen EGEL de Derecho ha sido creado especialmente para darte las herramientas y la confianza que necesitas para superar el examen con \u00e9xito.<\/p>\n<p><strong>\u00bfQu\u00e9 te ofrece nuestro simulador?<\/strong><\/p>\n<ul>\n<li><strong>Con 100 preguntas estrat\u00e9gicas<\/strong> que abarcan todas las \u00e1reas clave del examen, permiti\u00e9ndote estudiar de manera integral y orientada al \u00e9xito.<\/li>\n<li><strong>Retroalimentaci\u00f3n inmediata y explicaciones detalladas,<\/strong> para ayudarte a reconocer tus puntos fuertes y enfocarte en aquellos que requieren atenci\u00f3n.<\/li>\n<li><strong>Simulaci\u00f3n en l\u00ednea con el mismo formato que el examen real,<\/strong> ofreci\u00e9ndote una experiencia que te prepara para enfrentar la prueba con seguridad y precisi\u00f3n.<\/li>\n<li><strong>Acceso r\u00e1pido y soporte constante,<\/strong> para que puedas iniciar tu preparaci\u00f3n desde el momento en que realizas tu compra y tengas ayuda disponible siempre que la necesites.<\/li>\n<\/ul>\n<p><strong>Este simulador cuenta con derechos de autor, N\u00famero de Registro: 03-2022-040623462800-01,<\/strong> asegurando contenido \u00fanico y de alta calidad para tu preparaci\u00f3n.<\/p>\n<p><strong>Este es el \u00faltimo tramo hacia tu futuro en el \u00e1mbito jur\u00eddico, y con una preparaci\u00f3n adecuada, el \u00e9xito es solo el comienzo.<\/strong> \u00a1Conf\u00eda en el esfuerzo que has puesto y prep\u00e1rate para defender la justicia y los derechos de los dem\u00e1s!<\/p>\n<p><a href=\"http:\/\/www.examenesceneval.com\" target=\"_new\" rel=\"noopener\">www.examenesceneval.com<\/a><\/p>\n<p>&nbsp;<\/p>\n","protected":false},"excerpt":{"rendered":"<p><span style=\"vertical-align: inherit;\"><span style=\"vertical-align: inherit;\"><span style=\"vertical-align: inherit;\"><span style=\"vertical-align: inherit;\">N\u00famero de Registro: 03-2022-040623462800-01 (INDAUTOR)<\/span><\/span><\/span><\/span><\/p>\n<p><span style=\"vertical-align: inherit;\"><span style=\"vertical-align: inherit;\"><span style=\"vertical-align: inherit;\"><span style=\"vertical-align: inherit;\">\u00a1Bienvenidos futuros Abogados!<\/span><\/span><\/span><\/span><\/p>\n<p><span style=\"vertical-align: inherit;\"><span style=\"vertical-align: inherit;\">Somos conscientes que si estas aqu\u00ed, es porque estas a punto de dar un paso importante en tu vida y esperamos nos permitas acompa\u00f1arte en la recta final de tu traves\u00eda acad\u00e9mica, pues &#8220;Tienes que aprender las reglas del juego y despu\u00e9s jugar mejor que nadie. &#8221; <\/span><span style=\"vertical-align: inherit;\">(Albert Einstein), es por ello que ponemos a tu disposici\u00f3n nuestro simulador de examen EGEL de Derecho actualizado para este a\u00f1o.<\/span><\/span><\/p>\n<p><span style=\"vertical-align: inherit;\"><span style=\"vertical-align: inherit;\">Nuestro simulador se integra con m\u00e1s de 200 preguntas pr\u00e1cticas, que te dar\u00e1 las herramientas necesarias para conocer tus \u00e1reas de oportunidad pero sobre todo tus fortalezas, pues no olvides que muchos de los fracasos de la vida son de personas que no se dieron cuenta de cu\u00e1nto cerca estaban del \u00e9xito cuando se dieron por vencidos.<\/span><\/span><\/p>\n<p>El examen simulador se encuentra actualizado y es totalmente en l\u00ednea, es decir, lo realizas en tu computadora y te va retroalimentando en cada pregunta pues si, \u00a1Incluye respuestas!<\/p>\n<p>Todas nuestras compras son seguras y en caso de presentar alg\u00fan problema, estamos aqu\u00ed para apoyarte.<\/p>\n<p><span style=\"vertical-align: inherit;\"><span style=\"vertical-align: inherit;\"><span style=\"vertical-align: inherit;\"><span style=\"vertical-align: inherit;\">.<\/span><\/span><\/span><\/span><\/p>\n<p><span style=\"vertical-align: inherit;\"><span style=\"vertical-align: inherit;\"><span style=\"vertical-align: inherit;\"><span style=\"vertical-align: inherit;\">Por cierto \u00a1INCLUYE RESPUESTAS! <\/span><\/span><\/span><span style=\"vertical-align: inherit;\"><span style=\"vertical-align: inherit;\"><span style=\"vertical-align: inherit;\">y esta obra est\u00e1 registrada ante el Instituto Nacional del Derecho de Autor con el N\u00famero de Registro: 03-2022-040623462800-01<\/span><\/span><\/span><\/span><\/p>\n<p><span style=\"vertical-align: inherit;\"><span style=\"vertical-align: inherit;\"><span style=\"vertical-align: inherit;\"><span style=\"vertical-align: inherit;\">\u00a1Te deseamos el mejor de los \u00e9xitos!<\/span><\/span><\/span><\/span><\/p>\n","protected":false},"featured_media":606,"template":"","meta":{"om_disable_all_campaigns":false,"_monsterinsights_skip_tracking":false,"_monsterinsights_sitenote_active":false,"_monsterinsights_sitenote_note":"","_monsterinsights_sitenote_category":0},"product_cat":[16,17],"product_tag":[29,22,31,33],"aioseo_notices":[],"_links":{"self":[{"href":"https:\/\/examenesceneval.online\/index.php?rest_route=\/wp\/v2\/product\/159"}],"collection":[{"href":"https:\/\/examenesceneval.online\/index.php?rest_route=\/wp\/v2\/product"}],"about":[{"href":"https:\/\/examenesceneval.online\/index.php?rest_route=\/wp\/v2\/types\/product"}],"version-history":[{"count":9,"href":"https:\/\/examenesceneval.online\/index.php?rest_route=\/wp\/v2\/product\/159\/revisions"}],"predecessor-version":[{"id":1206,"href":"https:\/\/examenesceneval.online\/index.php?rest_route=\/wp\/v2\/product\/159\/revisions\/1206"}],"wp:featuredmedia":[{"embeddable":true,"href":"https:\/\/examenesceneval.online\/index.php?rest_route=\/wp\/v2\/media\/606"}],"wp:attachment":[{"href":"https:\/\/examenesceneval.online\/index.php?rest_route=%2Fwp%2Fv2%2Fmedia&parent=159"}],"wp:term":[{"taxonomy":"product_cat","embeddable":true,"href":"https:\/\/examenesceneval.online\/index.php?rest_route=%2Fwp%2Fv2%2Fproduct_cat&post=159"},{"taxonomy":"product_tag","embeddable":true,"href":"https:\/\/examenesceneval.online\/index.php?rest_route=%2Fwp%2Fv2%2Fproduct_tag&post=159"}],"curies":[{"name":"wp","href":"https:\/\/api.w.org\/{rel}","templated":true}]}}