{"id":1174,"date":"2024-11-01T15:11:36","date_gmt":"2024-11-01T15:11:36","guid":{"rendered":"https:\/\/examenesceneval.online\/?post_type=product&#038;p=1174"},"modified":"2025-04-07T16:38:38","modified_gmt":"2025-04-07T16:38:38","slug":"examen-simulador-de-pedagogia-en-linea-118-preguntas","status":"publish","type":"product","link":"https:\/\/examenesceneval.online\/?product=examen-simulador-de-pedagogia-en-linea-118-preguntas","title":{"rendered":"EXAMEN SIMULADOR EGEL CENEVAL DE PEDAGOG\u00cdA EN L\u00cdNEA (118 PREGUNTAS)"},"content":{"rendered":"\t\t<div data-elementor-type=\"wp-post\" data-elementor-id=\"1174\" class=\"elementor elementor-1174\">\n\t\t\t\t\t\t<section class=\"elementor-section elementor-top-section elementor-element elementor-element-54012081 elementor-section-boxed elementor-section-height-default elementor-section-height-default\" data-id=\"54012081\" data-element_type=\"section\">\n\t\t\t\t\t\t<div class=\"elementor-container elementor-column-gap-default\">\n\t\t\t\t\t<div class=\"elementor-column elementor-col-100 elementor-top-column elementor-element elementor-element-6658d502\" data-id=\"6658d502\" data-element_type=\"column\">\n\t\t\t<div class=\"elementor-widget-wrap elementor-element-populated\">\n\t\t\t\t\t\t<div class=\"elementor-element elementor-element-70852c30 elementor-widget elementor-widget-text-editor\" data-id=\"70852c30\" data-element_type=\"widget\" data-widget_type=\"text-editor.default\">\n\t\t\t\t<div class=\"elementor-widget-container\">\n\t\t\t<style>\/*! elementor - v3.23.0 - 05-08-2024 *\/\n.elementor-widget-text-editor.elementor-drop-cap-view-stacked .elementor-drop-cap{background-color:#69727d;color:#fff}.elementor-widget-text-editor.elementor-drop-cap-view-framed .elementor-drop-cap{color:#69727d;border:3px solid;background-color:transparent}.elementor-widget-text-editor:not(.elementor-drop-cap-view-default) .elementor-drop-cap{margin-top:8px}.elementor-widget-text-editor:not(.elementor-drop-cap-view-default) .elementor-drop-cap-letter{width:1em;height:1em}.elementor-widget-text-editor .elementor-drop-cap{float:left;text-align:center;line-height:1;font-size:50px}.elementor-widget-text-editor .elementor-drop-cap-letter{display:inline-block}<\/style>\t\t\t\t<strong>\u00a1Bienvenidos futuros Pedagogos!<\/strong>\n\nSabemos que est\u00e1s a punto de dar un paso importante en tu carrera, y estamos aqu\u00ed para acompa\u00f1arte en la recta final de tu traves\u00eda acad\u00e9mica. &#8220;Tienes que aprender las reglas del juego y despu\u00e9s jugar mejor que nadie&#8221; (Albert Einstein). Por eso, te ofrecemos nuestro Simulador de Examen EGEL de Pedagog\u00eda, actualizado y dise\u00f1ado para este a\u00f1o.\n\n<strong>\u00bfQu\u00e9 encontrar\u00e1s en nuestro simulador?<\/strong>\n<ul>\n \t<li><strong>M\u00e1s de 250 preguntas pr\u00e1cticas<\/strong> que abarcan todas las \u00e1reas clave del examen de Pedagog\u00eda CENEVAL.<\/li>\n \t<li><strong>Retroalimentaci\u00f3n detallada y respuestas explicadas,<\/strong> para que puedas identificar tanto tus \u00e1reas de oportunidad como tus fortalezas.<\/li>\n \t<li><strong>Simulaciones realistas en l\u00ednea,<\/strong> al estilo del examen oficial, que te ayudar\u00e1n a sentirte preparado y confiado.<\/li>\n \t<li><strong>Acceso inmediato y 100% en l\u00ednea<\/strong> al realizar tu pago. Si surge alg\u00fan problema, nuestro equipo est\u00e1 listo para ayudarte.<\/li>\n<\/ul>\nRecuerda, el \u00e9xito est\u00e1 a solo un paso y queremos que lo des con toda la confianza. &#8220;Muchos de los fracasos de la vida son de personas que no se dieron cuenta de cu\u00e1n cerca estaban del \u00e9xito cuando se dieron por vencidos.&#8221;\n\n\u00a1Te deseamos el mejor de los \u00e9xitos en este camino hacia tu futuro en la pedagog\u00eda!\n\n<a title=\"Shop\" href=\"https:\/\/examenesceneval.online\/?page_id=5\">www.examenesceneval.online<\/a>\n\n<a href=\"http:\/\/www.examenesceneval.com\" target=\"_new\" rel=\"noopener\">www.examenesceneval.com<\/a>\t\t\t\t\t\t<\/div>\n\t\t\t\t<\/div>\n\t\t\t\t\t<\/div>\n\t\t<\/div>\n\t\t\t\t\t<\/div>\n\t\t<\/section>\n\t\t\t\t<\/div>\n\t\t","protected":false},"excerpt":{"rendered":"<p>\u00a1Bienvenidos futuros Pedagogos! Sabemos que est\u00e1s a punto de dar un paso importante en tu carrera, y estamos aqu\u00ed para acompa\u00f1arte en la recta final de tu traves\u00eda acad\u00e9mica. &#8220;Tienes que aprender las reglas del juego y despu\u00e9s jugar mejor que nadie&#8221; (Albert Einstein). Por eso, te ofrecemos nuestro Simulador de Examen EGEL de Pedagog\u00eda, [&hellip;]<\/p>\n","protected":false},"featured_media":1170,"template":"","meta":{"om_disable_all_campaigns":false,"_monsterinsights_skip_tracking":false,"_monsterinsights_sitenote_active":false,"_monsterinsights_sitenote_note":"","_monsterinsights_sitenote_category":0},"product_cat":[17],"product_tag":[52,29,22,31,32],"aioseo_notices":[],"_links":{"self":[{"href":"https:\/\/examenesceneval.online\/index.php?rest_route=\/wp\/v2\/product\/1174"}],"collection":[{"href":"https:\/\/examenesceneval.online\/index.php?rest_route=\/wp\/v2\/product"}],"about":[{"href":"https:\/\/examenesceneval.online\/index.php?rest_route=\/wp\/v2\/types\/product"}],"version-history":[{"count":5,"href":"https:\/\/examenesceneval.online\/index.php?rest_route=\/wp\/v2\/product\/1174\/revisions"}],"predecessor-version":[{"id":1183,"href":"https:\/\/examenesceneval.online\/index.php?rest_route=\/wp\/v2\/product\/1174\/revisions\/1183"}],"wp:featuredmedia":[{"embeddable":true,"href":"https:\/\/examenesceneval.online\/index.php?rest_route=\/wp\/v2\/media\/1170"}],"wp:attachment":[{"href":"https:\/\/examenesceneval.online\/index.php?rest_route=%2Fwp%2Fv2%2Fmedia&parent=1174"}],"wp:term":[{"taxonomy":"product_cat","embeddable":true,"href":"https:\/\/examenesceneval.online\/index.php?rest_route=%2Fwp%2Fv2%2Fproduct_cat&post=1174"},{"taxonomy":"product_tag","embeddable":true,"href":"https:\/\/examenesceneval.online\/index.php?rest_route=%2Fwp%2Fv2%2Fproduct_tag&post=1174"}],"curies":[{"name":"wp","href":"https:\/\/api.w.org\/{rel}","templated":true}]}}