{"id":1122,"date":"2024-07-10T20:17:39","date_gmt":"2024-07-10T20:17:39","guid":{"rendered":"https:\/\/examenesceneval.online\/?post_type=product&#038;p=1122"},"modified":"2025-02-20T00:58:44","modified_gmt":"2025-02-20T00:58:44","slug":"examen-simulador-de-arquitectura-267-preguntas","status":"publish","type":"product","link":"https:\/\/examenesceneval.online\/?product=examen-simulador-de-arquitectura-267-preguntas","title":{"rendered":"EXAMEN SIMULADOR EGEL CENEVAL DE ARQUITECTURA EN L\u00cdNEA (267 PREGUNTAS)"},"content":{"rendered":"<p><strong>\u00a1Bienvenidos futuros Arquitectos!<\/strong><\/p>\n<p>Sabemos que est\u00e1s a punto de dar un paso importante en tu carrera, y estamos aqu\u00ed para acompa\u00f1arte en la recta final de tu traves\u00eda acad\u00e9mica. &#8220;Tienes que aprender las reglas del juego y despu\u00e9s jugar mejor que nadie&#8221; (Albert Einstein). Por eso, te ofrecemos nuestro Simulador de Examen EGEL de Arquitectura, actualizado y dise\u00f1ado para este a\u00f1o.<\/p>\n<p><strong>\u00bfQu\u00e9 encontrar\u00e1s en nuestro simulador?<\/strong><\/p>\n<ul>\n<li><strong>M\u00e1s de 250 preguntas pr\u00e1cticas<\/strong> que abarcan todas las \u00e1reas clave del examen de Arquitectura CENEVAL.<\/li>\n<li><strong>Retroalimentaci\u00f3n detallada y respuestas explicadas,<\/strong> para que puedas identificar tanto tus \u00e1reas de oportunidad como tus fortalezas.<\/li>\n<li><strong>Simulaciones realistas en l\u00ednea,<\/strong> al estilo del examen oficial, que te ayudar\u00e1n a sentirte preparado y confiado.<\/li>\n<li><strong>Acceso inmediato y 100% en l\u00ednea<\/strong> al realizar tu pago. Si surge alg\u00fan problema, nuestro equipo est\u00e1 listo para ayudarte.<\/li>\n<\/ul>\n<p>Recuerda, el \u00e9xito est\u00e1 a solo un paso y queremos que lo des con toda la confianza. &#8220;Muchos de los fracasos de la vida son de personas que no se dieron cuenta de cu\u00e1n cerca estaban del \u00e9xito cuando se dieron por vencidos.&#8221;<\/p>\n<p><strong>\u00a1Te deseamos el mejor de los \u00e9xitos en este camino hacia tu futuro en la arquitectura!<\/strong><\/p>\n<p><a href=\"http:\/\/www.examenesceneval.com\" target=\"_new\" rel=\"noopener\">www.examenesceneval.com<\/a><\/p>\n","protected":false},"excerpt":{"rendered":"<p>\u00a1Bienvenidos futuros Arquitectos! Sabemos que est\u00e1s a punto de dar un paso importante en tu carrera, y estamos aqu\u00ed para acompa\u00f1arte en la recta final de tu traves\u00eda acad\u00e9mica. &#8220;Tienes que aprender las reglas del juego y despu\u00e9s jugar mejor que nadie&#8221; (Albert Einstein). Por eso, te ofrecemos nuestro Simulador de Examen EGEL de Arquitectura, [&hellip;]<\/p>\n","protected":false},"featured_media":1119,"template":"","meta":{"om_disable_all_campaigns":false,"_monsterinsights_skip_tracking":false,"_monsterinsights_sitenote_active":false,"_monsterinsights_sitenote_note":"","_monsterinsights_sitenote_category":0},"product_cat":[17],"product_tag":[52,29,22,31,32],"aioseo_notices":[],"_links":{"self":[{"href":"https:\/\/examenesceneval.online\/index.php?rest_route=\/wp\/v2\/product\/1122"}],"collection":[{"href":"https:\/\/examenesceneval.online\/index.php?rest_route=\/wp\/v2\/product"}],"about":[{"href":"https:\/\/examenesceneval.online\/index.php?rest_route=\/wp\/v2\/types\/product"}],"version-history":[{"count":3,"href":"https:\/\/examenesceneval.online\/index.php?rest_route=\/wp\/v2\/product\/1122\/revisions"}],"predecessor-version":[{"id":1185,"href":"https:\/\/examenesceneval.online\/index.php?rest_route=\/wp\/v2\/product\/1122\/revisions\/1185"}],"wp:featuredmedia":[{"embeddable":true,"href":"https:\/\/examenesceneval.online\/index.php?rest_route=\/wp\/v2\/media\/1119"}],"wp:attachment":[{"href":"https:\/\/examenesceneval.online\/index.php?rest_route=%2Fwp%2Fv2%2Fmedia&parent=1122"}],"wp:term":[{"taxonomy":"product_cat","embeddable":true,"href":"https:\/\/examenesceneval.online\/index.php?rest_route=%2Fwp%2Fv2%2Fproduct_cat&post=1122"},{"taxonomy":"product_tag","embeddable":true,"href":"https:\/\/examenesceneval.online\/index.php?rest_route=%2Fwp%2Fv2%2Fproduct_tag&post=1122"}],"curies":[{"name":"wp","href":"https:\/\/api.w.org\/{rel}","templated":true}]}}