{"id":1050,"date":"2024-01-05T05:56:16","date_gmt":"2024-01-05T05:56:16","guid":{"rendered":"https:\/\/examenesceneval.online\/?post_type=product&#038;p=1050"},"modified":"2024-01-05T06:12:43","modified_gmt":"2024-01-05T06:12:43","slug":"examen-gratuito-de-ingreso-universidad-mexico-exani-ii","status":"publish","type":"product","link":"https:\/\/examenesceneval.online\/?product=examen-gratuito-de-ingreso-universidad-mexico-exani-ii","title":{"rendered":"EXAMEN GRATUITO DE INGRESO UNIVERSIDAD M\u00c9XICO ( EXANI II ) &#8211; REVISE LA DESCRIPCI\u00d3N"},"content":{"rendered":"<p>\u00a1Bienvenidos futuros Universitarios!<\/p>\n<p>Somos conscientes que si estas aqu\u00ed, es porque estas a punto de dar un paso importante en tu vida y esperamos nos permitas acompa\u00f1arte en esta etapa importante de tu traves\u00eda acad\u00e9mica, es por ello que ponemos a tu disposici\u00f3n nuestro simulador de examen EXANI de forma gratuita para que lo conozcas.<\/p>\n<p><strong><a href=\"https:\/\/examenesceneval.online\/?page_id=1048\">Haz click aqui<\/a> <\/strong>para acceder al simulador de examen EXANI gratis.<\/p>\n<p>Si deseas adquirir el simulador completo, <a href=\"https:\/\/examenesceneval.online\/?product=segundo-examen-simulador-de-ingreso-universidad-mexico-119-preguntas\">haz click aqui<\/a>.<\/p>\n<p>\u00a1Te deseamos el mejor de los \u00e9xitos!<\/p>\n","protected":false},"excerpt":{"rendered":"<p>\u00a1Bienvenidos futuros Universitarios! Somos conscientes que si estas aqu\u00ed, es porque estas a punto de dar un paso importante en tu vida y esperamos nos permitas acompa\u00f1arte en esta etapa importante de tu traves\u00eda acad\u00e9mica, es por ello que ponemos a tu disposici\u00f3n nuestro simulador de examen EXANI de forma gratuita para que lo conozcas. [&hellip;]<\/p>\n","protected":false},"featured_media":1027,"template":"","meta":{"om_disable_all_campaigns":false,"_monsterinsights_skip_tracking":false,"_monsterinsights_sitenote_active":false,"_monsterinsights_sitenote_note":"","_monsterinsights_sitenote_category":0},"product_cat":[17],"product_tag":[48,47,32,46],"aioseo_notices":[],"_links":{"self":[{"href":"https:\/\/examenesceneval.online\/index.php?rest_route=\/wp\/v2\/product\/1050"}],"collection":[{"href":"https:\/\/examenesceneval.online\/index.php?rest_route=\/wp\/v2\/product"}],"about":[{"href":"https:\/\/examenesceneval.online\/index.php?rest_route=\/wp\/v2\/types\/product"}],"version-history":[{"count":4,"href":"https:\/\/examenesceneval.online\/index.php?rest_route=\/wp\/v2\/product\/1050\/revisions"}],"predecessor-version":[{"id":1054,"href":"https:\/\/examenesceneval.online\/index.php?rest_route=\/wp\/v2\/product\/1050\/revisions\/1054"}],"wp:featuredmedia":[{"embeddable":true,"href":"https:\/\/examenesceneval.online\/index.php?rest_route=\/wp\/v2\/media\/1027"}],"wp:attachment":[{"href":"https:\/\/examenesceneval.online\/index.php?rest_route=%2Fwp%2Fv2%2Fmedia&parent=1050"}],"wp:term":[{"taxonomy":"product_cat","embeddable":true,"href":"https:\/\/examenesceneval.online\/index.php?rest_route=%2Fwp%2Fv2%2Fproduct_cat&post=1050"},{"taxonomy":"product_tag","embeddable":true,"href":"https:\/\/examenesceneval.online\/index.php?rest_route=%2Fwp%2Fv2%2Fproduct_tag&post=1050"}],"curies":[{"name":"wp","href":"https:\/\/api.w.org\/{rel}","templated":true}]}}